{"id":18842,"date":"2023-05-15T17:53:41","date_gmt":"2023-05-15T17:53:41","guid":{"rendered":"https:\/\/voytex.uk\/?page_id=18842"},"modified":"2023-08-31T18:34:14","modified_gmt":"2023-08-31T18:34:14","slug":"british-b2b-platform","status":"publish","type":"page","link":"https:\/\/voytex.uk\/pl\/british-b2b-platform\/","title":{"rendered":"Brytyjska platforma B2B"},"content":{"rendered":"<div data-elementor-type=\"wp-page\" data-elementor-id=\"18842\" class=\"elementor elementor-18842\">\n\t\t\t\t\t\t<section class=\"elementor-section elementor-top-section elementor-element elementor-element-2ac1b54 elementor-section-boxed elementor-section-height-default elementor-section-height-default sc_fly_static\" data-id=\"2ac1b54\" data-element_type=\"section\">\n\t\t\t\t\t\t<div class=\"elementor-container elementor-column-gap-extended\">\n\t\t\t\t\t<div class=\"elementor-column elementor-col-100 elementor-top-column elementor-element elementor-element-657923c sc_inner_width_none sc_content_align_inherit sc_layouts_column_icons_position_left sc_fly_static\" data-id=\"657923c\" data-element_type=\"column\">\n\t\t\t<div class=\"elementor-widget-wrap elementor-element-populated\">\n\t\t\t\t\t\t<div class=\"elementor-element elementor-element-c6e28b4 sc_height_huge sc_fly_static elementor-widget elementor-widget-spacer\" data-id=\"c6e28b4\" data-element_type=\"widget\" data-widget_type=\"spacer.default\">\n\t\t\t\t<div class=\"elementor-widget-container\">\n\t\t\t\t\t<div class=\"elementor-spacer\">\n\t\t\t<div class=\"elementor-spacer-inner\"><\/div>\n\t\t<\/div>\n\t\t\t\t<\/div>\n\t\t\t\t<\/div>\n\t\t\t\t\t<\/div>\n\t\t<\/div>\n\t\t\t\t\t<\/div>\n\t\t<\/section>\n\t\t\t\t<section class=\"elementor-section elementor-top-section elementor-element elementor-element-f810eec elementor-section-stretched elementor-section-content-middle elementor-section-boxed elementor-section-height-default elementor-section-height-default sc_fly_static\" data-id=\"f810eec\" data-element_type=\"section\" data-settings=\"{&quot;stretch_section&quot;:&quot;section-stretched&quot;}\">\n\t\t\t\t\t\t<div class=\"elementor-container elementor-column-gap-extended\">\n\t\t\t\t\t<div class=\"elementor-column elementor-col-50 elementor-top-column elementor-element elementor-element-e356ca1 sc_inner_width_none sc_content_align_inherit sc_layouts_column_icons_position_left sc_fly_static\" data-id=\"e356ca1\" data-element_type=\"column\">\n\t\t\t<div class=\"elementor-widget-wrap elementor-element-populated\">\n\t\t\t\t\t\t<div class=\"elementor-element elementor-element-5ccd501 sc_fly_static elementor-widget elementor-widget-spacer\" data-id=\"5ccd501\" data-element_type=\"widget\" data-widget_type=\"spacer.default\">\n\t\t\t\t<div class=\"elementor-widget-container\">\n\t\t\t\t\t<div class=\"elementor-spacer\">\n\t\t\t<div class=\"elementor-spacer-inner\"><\/div>\n\t\t<\/div>\n\t\t\t\t<\/div>\n\t\t\t\t<\/div>\n\t\t\t\t<div class=\"elementor-element elementor-element-b7c2b16 sc_fly_static elementor-widget elementor-widget-trx_sc_title\" data-id=\"b7c2b16\" data-element_type=\"widget\" data-widget_type=\"trx_sc_title.default\">\n\t\t\t\t<div class=\"elementor-widget-container\">\n\t\t\t<div\t\tclass=\"sc_title sc_title_default\" ><span class=\"sc_item_subtitle sc_title_subtitle sc_item_subtitle_above sc_item_title_style_default\">VOYTEX B2B<\/span><h1 class=\"sc_item_title sc_title_title sc_item_title_style_default sc_item_title_tag\"\n\t\t\t><span class=\"sc_item_title_text\">Witajcie na platformie B2B Voytex UK!<\/span><\/h1><div class=\"sc_item_descr sc_title_descr\"><p>Jeste\u015bmy liderem w bran\u017cy eksportowo-importowej, specjalizuj\u0105c si\u0119 w dostarczaniu wysokiej jako\u015bci produkt\u00f3w i us\u0142ug z Polski do Wielkiej Brytanii. Nasza firma cieszy si\u0119 doskona\u0142\u0105 opini\u0105 w\u015br\u00f3d klient\u00f3w, dzi\u0119ki czemu zyskali\u015bmy zaufanie wielu firm na rynku.<\/p>\n<p>Chcieliby\u015bmy zach\u0119ci\u0107 Was do publikacji prezentacji swojej firmy na naszej platformie. Dzi\u0119ki temu b\u0119dziecie mieli okazj\u0119 przedstawi\u0107 swoj\u0105 ofert\u0119 szerokiemu gronu potencjalnych klient\u00f3w, kt\u00f3rzy szukaj\u0105 najlepszych dostawc\u00f3w z Polski. B\u0119dziecie mie\u0107 szans\u0119 dotrze\u0107 do nowych rynk\u00f3w i zwi\u0119kszy\u0107 swoj\u0105 sprzeda\u017c.<\/p>\n<p>Nie czekajcie, do\u0142\u0105czcie do naszej spo\u0142eczno\u015bci ju\u017c dzi\u015b i zwi\u0119kszcie swoj\u0105 widoczno\u015b\u0107 na rynku eksportowo-importowym. Nasza platforma to idealne miejsce dla Waszej firmy, by znale\u017a\u0107 nowych klient\u00f3w i zwi\u0119kszy\u0107 swoje zyski.<\/p>\n<\/div><\/div>\t\t<\/div>\n\t\t\t\t<\/div>\n\t\t\t\t\t<\/div>\n\t\t<\/div>\n\t\t\t\t<div class=\"elementor-column elementor-col-50 elementor-top-column elementor-element elementor-element-6dbbbcf sc_inner_width_none sc_content_align_inherit sc_layouts_column_icons_position_left sc_fly_static\" data-id=\"6dbbbcf\" data-element_type=\"column\">\n\t\t\t<div class=\"elementor-widget-wrap elementor-element-populated\">\n\t\t\t\t\t\t<div class=\"elementor-element elementor-element-06154eb sc_fly_static elementor-widget elementor-widget-image\" data-id=\"06154eb\" data-element_type=\"widget\" data-widget_type=\"image.default\">\n\t\t\t\t<div class=\"elementor-widget-container\">\n\t\t\t\t\t\t\t\t\t\t\t\t\t<img fetchpriority=\"high\" decoding=\"async\" width=\"1024\" height=\"683\" src=\"https:\/\/voytex.uk\/wp-content\/uploads\/2023\/08\/uk-flag-2022-02-28-18-56-27-utc-1024x683.jpg\" class=\"attachment-large size-large wp-image-19369\" alt=\"\" srcset=\"https:\/\/voytex.uk\/wp-content\/uploads\/2023\/08\/uk-flag-2022-02-28-18-56-27-utc-1024x683.jpg 1024w, https:\/\/voytex.uk\/wp-content\/uploads\/2023\/08\/uk-flag-2022-02-28-18-56-27-utc-scaled-600x400.jpg 600w, https:\/\/voytex.uk\/wp-content\/uploads\/2023\/08\/uk-flag-2022-02-28-18-56-27-utc-300x200.jpg 300w, https:\/\/voytex.uk\/wp-content\/uploads\/2023\/08\/uk-flag-2022-02-28-18-56-27-utc-768x512.jpg 768w, https:\/\/voytex.uk\/wp-content\/uploads\/2023\/08\/uk-flag-2022-02-28-18-56-27-utc-1536x1024.jpg 1536w, https:\/\/voytex.uk\/wp-content\/uploads\/2023\/08\/uk-flag-2022-02-28-18-56-27-utc-2048x1365.jpg 2048w, https:\/\/voytex.uk\/wp-content\/uploads\/2023\/08\/uk-flag-2022-02-28-18-56-27-utc-370x247.jpg 370w, https:\/\/voytex.uk\/wp-content\/uploads\/2023\/08\/uk-flag-2022-02-28-18-56-27-utc-840x560.jpg 840w, https:\/\/voytex.uk\/wp-content\/uploads\/2023\/08\/uk-flag-2022-02-28-18-56-27-utc-410x273.jpg 410w\" sizes=\"(max-width: 1024px) 100vw, 1024px\" \/>\t\t\t\t\t\t\t\t\t\t\t\t\t<\/div>\n\t\t\t\t<\/div>\n\t\t\t\t<div class=\"elementor-element elementor-element-e455d48 sc_fly_static elementor-widget elementor-widget-trx_sc_button\" data-id=\"e455d48\" data-element_type=\"widget\" data-widget_type=\"trx_sc_button.default\">\n\t\t\t\t<div class=\"elementor-widget-container\">\n\t\t\t<div\tclass=\"sc_item_button sc_button_wrap sc_align_center\" ><a href=\"https:\/\/voytex.uk\/pl\/add-listing\/\" class=\"sc_button sc_button_shadow sc_button_hover sc_button_size_large sc_button_with_icon sc_button_icon_right\" ><span class=\"sc_button_icon\"><span class=\"icon-forward\"><\/span><\/span><span class=\"sc_button_text sc_align_center\"><span class=\"sc_button_title\">DODAJ OG\u0141OSZENIE<\/span><\/span><\/a><\/div>\t\t<\/div>\n\t\t\t\t<\/div>\n\t\t\t\t\t<\/div>\n\t\t<\/div>\n\t\t\t\t\t<\/div>\n\t\t<\/section>\n\t\t\t\t<section class=\"elementor-section elementor-top-section elementor-element elementor-element-3e25df0 elementor-section-boxed elementor-section-height-default elementor-section-height-default sc_fly_static\" data-id=\"3e25df0\" data-element_type=\"section\">\n\t\t\t\t\t\t<div class=\"elementor-container elementor-column-gap-extended\">\n\t\t\t\t\t<div class=\"elementor-column elementor-col-100 elementor-top-column elementor-element elementor-element-6671bdd sc_inner_width_none sc_content_align_inherit sc_layouts_column_icons_position_left sc_fly_static\" data-id=\"6671bdd\" data-element_type=\"column\">\n\t\t\t<div class=\"elementor-widget-wrap elementor-element-populated\">\n\t\t\t\t\t\t<div class=\"elementor-element elementor-element-2b98278 sc_fly_static elementor-widget elementor-widget-heading\" data-id=\"2b98278\" data-element_type=\"widget\" data-widget_type=\"heading.default\">\n\t\t\t\t<div class=\"elementor-widget-container\">\n\t\t\t<h2 class=\"elementor-heading-title elementor-size-default\">Portfolio firm brytyjskich<\/h2>\t\t<\/div>\n\t\t\t\t<\/div>\n\t\t\t\t\t<\/div>\n\t\t<\/div>\n\t\t\t\t\t<\/div>\n\t\t<\/section>\n\t\t\t\t<section class=\"elementor-section elementor-top-section elementor-element elementor-element-67dcc0f elementor-section-boxed elementor-section-height-default elementor-section-height-default sc_fly_static\" data-id=\"67dcc0f\" data-element_type=\"section\">\n\t\t\t\t\t\t<div class=\"elementor-container elementor-column-gap-extended\">\n\t\t\t\t\t<div class=\"elementor-column elementor-col-100 elementor-top-column elementor-element elementor-element-8ed8992 sc_inner_width_none sc_content_align_inherit sc_layouts_column_icons_position_left sc_fly_static\" data-id=\"8ed8992\" data-element_type=\"column\">\n\t\t\t<div class=\"elementor-widget-wrap elementor-element-populated\">\n\t\t\t\t\t\t<div class=\"elementor-element elementor-element-6cd5f51 sc_fly_static elementor-widget elementor-widget-listinghub_filter\" data-id=\"6cd5f51\" data-element_type=\"widget\" data-widget_type=\"listinghub_filter.default\">\n\t\t\t\t<div class=\"elementor-widget-container\">\n\t\t\t\t\t<div class=\"elementor-shortcode\"><!-- wrap everything for our isolated bootstrap -->\r\n<div class=\"bootstrap-wrapper\">\r\n\t<!-- archieve page own design font and others -->\r\n\t<section class=\"py-5\">\r\n\t\t<div class=\"container-fluid\"  >\t\t\r\n\t\t\t<div class=\"row\" id=\"full_grid\"> \t\t\t\t\r\n\t\t\t\t<div class=\"col-md-12 col-lg-12 col-xl-12 col-sm-12\" id=\"dirpro_directories\" >\t\r\n\t\t\t\t\t<div class=\"clearfix\"><\/div>\r\n\t\t\t\t\t<div class=\"row justify-content-center\" >\r\n\t\t\t\t\t\t<div class=\"col-xl-4 col-lg-4 col-md-6  col-sm-12 col-12  mt-4 mb-4 listingdata-col\" id=\"0\" >\r\n\t\t<div class=\"card-border-round mb-2 bg-white\" >\t\t\t\t\t\t\t\t\t\t\t\r\n\t\t\t\t\t\t\t<div class=\"card-img-container\">\r\n\t\t\t\t\t<a href=\"https:\/\/voytex.uk\/pl\/listing\/baltic-bridge-shipping\/\"><img decoding=\"async\" src=\"https:\/\/voytex.uk\/wp-content\/uploads\/2023\/08\/JPG-1024x683.jpg\" class=\"card-img-top-listing\">\t\t\t\t\t\r\n\t\t\t\t\t\t<\/a>\r\n\t\t\t\t\t\t\t\t\t\t\t\t\t\t\t\t\t\t\t\t\t\t\t\t\t\r\n\t\t\t\t\t\t\t\t<label class=\"btn-urgent-left btn-add-favourites listingbookmark\" id=\"listingbookmark19914\">Save<\/label>\r\n\t\t\t\t\t\t\t\t\t\t\t\t<\/div>\t\r\n\t\t\t\t\t\t\t<div class=\"card-body  card-body-min-height mt-1\">\r\n\t\t\t\t\r\n\t\t\t\t\t\t\t\t\t\t\t\t<p class=\"p-0\">\r\n\t\t\t\t\t\t\t\t\t<a href=\"https:\/\/voytex.uk\/pl\/listing\/baltic-bridge-shipping\/\" class=\"title m-0 p-0\">\r\n\t\t\t\t\t\t\t\t\t\tBaltic Bridge Shipping\t\t\t\t\t\t\t\t\t<\/a>\r\n\t\t\t\t\t\t\t\t<\/p>\t\t\t\t\t\t\t\t\t\t\t\t\t\r\n\t\t\t\t\t\t\t\t\t\t\t\t\t\t\t\t\t<p class=\"review-listing\">\r\n\t\t\t\t\t\t\t\t\t\t <i class=\"far fa-star off-white\"><\/i>\t\t\t\t\t\t\t\t\t\t <i class=\"far fa-star off-white\"><\/i>\t\t\t\t\t\t\t\t\t\t <i class=\"far fa-star off-white\"><\/i>\t\t\t\t\t\t\t\t\t\t <i class=\"far fa-star off-white\"><\/i>\t\t\t\t\t\t\t\t\t\t <i class=\"far fa-star off-white\"><\/i>\t\t\t\t\r\n\t\t\t\t\t\t\t\t\t\t\r\n\t\t\t\t\t\t\t\t\t<\/p>\r\n\t\t\t\t\t\t\t\t\t\t\t\t\t\t\t\t\t<p class=\"client-contact\">\t\t\t\t\t\t\t\t\t\r\n\t\t\t\t\t\t\t\t\t\t\t\t<button type=\"button\" class=\"btn btn-small-ar mt-1\" onclick=\"listinghub_call_popup('19914')\"><i class=\"\"><\/i>Kontakt<\/button>\r\n\t\t\t\t\t\t\t\t\t\t\t<\/p>\r\n\t\t\t<\/div>\r\n\t\t\t\t\t\r\n\t\t<\/div>\r\n\t<\/div>\r\n\t<div class=\"col-xl-4 col-lg-4 col-md-6  col-sm-12 col-12  mt-4 mb-4 listingdata-col\" id=\"1\" >\r\n\t\t<div class=\"card-border-round mb-2 bg-white\" >\t\t\t\t\t\t\t\t\t\t\t\r\n\t\t\t\t\t\t\t<div class=\"card-img-container\">\r\n\t\t\t\t\t<a href=\"https:\/\/voytex.uk\/pl\/listing\/eurolink-transport\/\"><img decoding=\"async\" src=\"https:\/\/voytex.uk\/wp-content\/uploads\/2023\/08\/Horse-Mascot-Logo-for-Gaming-and-Sports-Logo-1024x683.jpg\" class=\"card-img-top-listing\">\t\t\t\t\t\r\n\t\t\t\t\t\t<\/a>\r\n\t\t\t\t\t\t\t\t\t\t\t\t\t\t\t\t\t\t\t\t\t\t\t\t\t\r\n\t\t\t\t\t\t\t\t<label class=\"btn-urgent-left btn-add-favourites listingbookmark\" id=\"listingbookmark19912\">Save<\/label>\r\n\t\t\t\t\t\t\t\t\t\t\t\t<\/div>\t\r\n\t\t\t\t\t\t\t<div class=\"card-body  card-body-min-height mt-1\">\r\n\t\t\t\t\r\n\t\t\t\t\t\t\t\t\t\t\t\t<p class=\"p-0\">\r\n\t\t\t\t\t\t\t\t\t<a href=\"https:\/\/voytex.uk\/pl\/listing\/eurolink-transport\/\" class=\"title m-0 p-0\">\r\n\t\t\t\t\t\t\t\t\t\tEuroLink Transport\t\t\t\t\t\t\t\t\t<\/a>\r\n\t\t\t\t\t\t\t\t<\/p>\t\t\t\t\t\t\t\t\t\t\t\t\t\r\n\t\t\t\t\t\t\t\t\t\t\t\t\t\t\t\t\t<p class=\"review-listing\">\r\n\t\t\t\t\t\t\t\t\t\t <i class=\"far fa-star off-white\"><\/i>\t\t\t\t\t\t\t\t\t\t <i class=\"far fa-star off-white\"><\/i>\t\t\t\t\t\t\t\t\t\t <i class=\"far fa-star off-white\"><\/i>\t\t\t\t\t\t\t\t\t\t <i class=\"far fa-star off-white\"><\/i>\t\t\t\t\t\t\t\t\t\t <i class=\"far fa-star off-white\"><\/i>\t\t\t\t\r\n\t\t\t\t\t\t\t\t\t\t\r\n\t\t\t\t\t\t\t\t\t<\/p>\r\n\t\t\t\t\t\t\t\t\t\t\t\t\t\t\t\t\t<p class=\"client-contact\">\t\t\t\t\t\t\t\t\t\r\n\t\t\t\t\t\t\t\t\t\t\t\t<button type=\"button\" class=\"btn btn-small-ar mt-1\" onclick=\"listinghub_call_popup('19912')\"><i class=\"\"><\/i>Kontakt<\/button>\r\n\t\t\t\t\t\t\t\t\t\t\t<\/p>\r\n\t\t\t<\/div>\r\n\t\t\t\t\t\r\n\t\t<\/div>\r\n\t<\/div>\r\n\t<div class=\"col-xl-4 col-lg-4 col-md-6  col-sm-12 col-12  mt-4 mb-4 listingdata-col\" id=\"2\" >\r\n\t\t<div class=\"card-border-round mb-2 bg-white\" >\t\t\t\t\t\t\t\t\t\t\t\r\n\t\t\t\t\t\t\t<div class=\"card-img-container\">\r\n\t\t\t\t\t<a href=\"https:\/\/voytex.uk\/pl\/listing\/polbrit-logistics\/\"><img decoding=\"async\" src=\"https:\/\/voytex.uk\/wp-content\/uploads\/2023\/08\/Petrol-1024x1024.jpg\" class=\"card-img-top-listing\">\t\t\t\t\t\r\n\t\t\t\t\t\t<\/a>\r\n\t\t\t\t\t\t\t\t\t\t\t\t\t\t\t\t\t\t\t\t\t\t\t\t\t\r\n\t\t\t\t\t\t\t\t<label class=\"btn-urgent-left btn-add-favourites listingbookmark\" id=\"listingbookmark19908\">Save<\/label>\r\n\t\t\t\t\t\t\t\t\t\t\t\t<\/div>\t\r\n\t\t\t\t\t\t\t<div class=\"card-body  card-body-min-height mt-1\">\r\n\t\t\t\t\r\n\t\t\t\t\t\t\t\t\t\t\t\t<p class=\"p-0\">\r\n\t\t\t\t\t\t\t\t\t<a href=\"https:\/\/voytex.uk\/pl\/listing\/polbrit-logistics\/\" class=\"title m-0 p-0\">\r\n\t\t\t\t\t\t\t\t\t\tPolBrit Logistics\t\t\t\t\t\t\t\t\t<\/a>\r\n\t\t\t\t\t\t\t\t<\/p>\t\t\t\t\t\t\t\t\t\t\t\t\t\r\n\t\t\t\t\t\t\t\t\t\t\t\t\t\t\t\t\t<p class=\"review-listing\">\r\n\t\t\t\t\t\t\t\t\t\t <i class=\"far fa-star off-white\"><\/i>\t\t\t\t\t\t\t\t\t\t <i class=\"far fa-star off-white\"><\/i>\t\t\t\t\t\t\t\t\t\t <i class=\"far fa-star off-white\"><\/i>\t\t\t\t\t\t\t\t\t\t <i class=\"far fa-star off-white\"><\/i>\t\t\t\t\t\t\t\t\t\t <i class=\"far fa-star off-white\"><\/i>\t\t\t\t\r\n\t\t\t\t\t\t\t\t\t\t\r\n\t\t\t\t\t\t\t\t\t<\/p>\r\n\t\t\t\t\t\t\t\t\t\t\t\t\t\t\t\t\t<p class=\"client-contact\">\t\t\t\t\t\t\t\t\t\r\n\t\t\t\t\t\t\t\t\t\t\t\t<button type=\"button\" class=\"btn btn-small-ar mt-1\" onclick=\"listinghub_call_popup('19908')\"><i class=\"\"><\/i>Kontakt<\/button>\r\n\t\t\t\t\t\t\t\t\t\t\t<\/p>\r\n\t\t\t<\/div>\r\n\t\t\t\t\t\r\n\t\t<\/div>\r\n\t<\/div>\r\n\t<div class=\"col-xl-4 col-lg-4 col-md-6  col-sm-12 col-12  mt-4 mb-4 listingdata-col\" id=\"3\" >\r\n\t\t<div class=\"card-border-round mb-2 bg-white\" >\t\t\t\t\t\t\t\t\t\t\t\r\n\t\t\t\t\t\t\t<div class=\"card-img-container\">\r\n\t\t\t\t\t<a href=\"https:\/\/voytex.uk\/pl\/listing\/speedcargo-polska\/\"><img decoding=\"async\" src=\"https:\/\/voytex.uk\/wp-content\/uploads\/2023\/08\/Mechanic-Logo-1024x683.jpg\" class=\"card-img-top-listing\">\t\t\t\t\t\r\n\t\t\t\t\t\t<\/a>\r\n\t\t\t\t\t\t\t\t\t\t\t\t\t\t\t\t\t\t\t\t\t\t\t\t\t\r\n\t\t\t\t\t\t\t\t<label class=\"btn-urgent-left btn-add-favourites listingbookmark\" id=\"listingbookmark19903\">Save<\/label>\r\n\t\t\t\t\t\t\t\t\t\t\t\t<\/div>\t\r\n\t\t\t\t\t\t\t<div class=\"card-body  card-body-min-height mt-1\">\r\n\t\t\t\t\r\n\t\t\t\t\t\t\t\t\t\t\t\t<p class=\"p-0\">\r\n\t\t\t\t\t\t\t\t\t<a href=\"https:\/\/voytex.uk\/pl\/listing\/speedcargo-polska\/\" class=\"title m-0 p-0\">\r\n\t\t\t\t\t\t\t\t\t\tSpeedCargo Polska\t\t\t\t\t\t\t\t\t<\/a>\r\n\t\t\t\t\t\t\t\t<\/p>\t\t\t\t\t\t\t\t\t\t\t\t\t\r\n\t\t\t\t\t\t\t\t\t\t\t\t\t\t\t\t\t<p class=\"review-listing\">\r\n\t\t\t\t\t\t\t\t\t\t <i class=\"far fa-star off-white\"><\/i>\t\t\t\t\t\t\t\t\t\t <i class=\"far fa-star off-white\"><\/i>\t\t\t\t\t\t\t\t\t\t <i class=\"far fa-star off-white\"><\/i>\t\t\t\t\t\t\t\t\t\t <i class=\"far fa-star off-white\"><\/i>\t\t\t\t\t\t\t\t\t\t <i class=\"far fa-star off-white\"><\/i>\t\t\t\t\r\n\t\t\t\t\t\t\t\t\t\t\r\n\t\t\t\t\t\t\t\t\t<\/p>\r\n\t\t\t\t\t\t\t\t\t\t\t\t\t\t\t\t\t<p class=\"client-contact\">\t\t\t\t\t\t\t\t\t\r\n\t\t\t\t\t\t\t\t\t\t\t\t<button type=\"button\" class=\"btn btn-small-ar mt-1\" onclick=\"listinghub_call_popup('19903')\"><i class=\"\"><\/i>Kontakt<\/button>\r\n\t\t\t\t\t\t\t\t\t\t\t<\/p>\r\n\t\t\t<\/div>\r\n\t\t\t\t\t\r\n\t\t<\/div>\r\n\t<\/div>\r\n\t\t\t\t\t\t<\/div>\t\r\n\t\t\t\t<\/div>\r\n\t\t\t<\/div>\r\n\t\t<\/div>\r\n\t<\/section>\r\n\t<!-- end of arhiece page -->\r\n<\/div>\r\n<!-- end of bootstrap wrapper -->\r\n<\/div>\n\t\t\t\t<\/div>\n\t\t\t\t<\/div>\n\t\t\t\t\t<\/div>\n\t\t<\/div>\n\t\t\t\t\t<\/div>\n\t\t<\/section>\n\t\t\t\t<\/div>","protected":false},"excerpt":{"rendered":"<p>VOYTEX B2B Welcome to the Voytex UK B2B platform! We are a leader in the export-import industry, specializing in delivering high-quality products and services from Poland to the UK. Our&hellip;<\/p>","protected":false},"author":1,"featured_media":0,"parent":0,"menu_order":0,"comment_status":"closed","ping_status":"closed","template":"","meta":{"footnotes":""},"_links":{"self":[{"href":"https:\/\/voytex.uk\/pl\/wp-json\/wp\/v2\/pages\/18842"}],"collection":[{"href":"https:\/\/voytex.uk\/pl\/wp-json\/wp\/v2\/pages"}],"about":[{"href":"https:\/\/voytex.uk\/pl\/wp-json\/wp\/v2\/types\/page"}],"author":[{"embeddable":true,"href":"https:\/\/voytex.uk\/pl\/wp-json\/wp\/v2\/users\/1"}],"replies":[{"embeddable":true,"href":"https:\/\/voytex.uk\/pl\/wp-json\/wp\/v2\/comments?post=18842"}],"version-history":[{"count":40,"href":"https:\/\/voytex.uk\/pl\/wp-json\/wp\/v2\/pages\/18842\/revisions"}],"predecessor-version":[{"id":19873,"href":"https:\/\/voytex.uk\/pl\/wp-json\/wp\/v2\/pages\/18842\/revisions\/19873"}],"wp:attachment":[{"href":"https:\/\/voytex.uk\/pl\/wp-json\/wp\/v2\/media?parent=18842"}],"curies":[{"name":"wp","href":"https:\/\/api.w.org\/{rel}","templated":true}]}}